{"id":269,"date":"2022-07-23T11:32:54","date_gmt":"2022-07-23T09:32:54","guid":{"rendered":"https:\/\/italfoods.com\/?page_id=269"},"modified":"2025-10-27T09:50:25","modified_gmt":"2025-10-27T08:50:25","slug":"il-tuo-marchio","status":"publish","type":"page","link":"https:\/\/www.italfoods.com\/it\/il-tuo-marchio\/","title":{"rendered":"Il Tuo Marchio"},"content":{"rendered":"<div class=\"gb-container gb-container-7aed5399\"><div class=\"gb-inside-container\">\n\n<h1 class=\"wp-block-heading has-text-align-center has-base-3-color has-text-color has-large-font-size\"><strong>CAPSULE E CIALDE PRIVATE LABEL<\/strong><\/h1>\n\n<\/div><\/div>\n\n<div class=\"gb-grid-wrapper gb-grid-wrapper-2910fe43\">\n<div class=\"gb-grid-column gb-grid-column-a4096406\"><div class=\"gb-container gb-container-a4096406\"><div class=\"gb-inside-container\">\n<div class=\"gb-container gb-container-0e54bbfb\"><div class=\"gb-inside-container\">\n<div class=\"gb-container gb-container-fb498b36\"><div class=\"gb-inside-container\">\n<div class=\"gb-grid-wrapper gb-grid-wrapper-7ee97ddc\">\n<div class=\"gb-grid-column gb-grid-column-570234f8\"><div class=\"gb-container gb-container-570234f8\"><div class=\"gb-inside-container\"><\/div><\/div><\/div>\n\n<div class=\"gb-grid-column gb-grid-column-a4603c49\"><div class=\"gb-container gb-container-a4603c49\"><div class=\"gb-inside-container\">\n\n<p class=\"has-x-large-font-size\">Sostenere il cliente nello sviluppo e nella crescita del proprio marchio \u00e8 da sempre una delle nostre principali attivit\u00e0.<\/p>\n\n\n\n<p style=\"font-size:18px\">I livelli di personalizzazione possono variare in base alle richieste (sacchetto, imballo individuale, tubo, scatola retail e masterbox semilavorati per confezionamento a cura del cliente) a seconda dei volumi di produzione, del budget di spesa individuato (packaging generico neutro, bobine e\/o scatolame personalizzato, capsule e top lid con colorazioni standard o su richiesta) o da richieste specifiche.<\/p>\n\n\n\n<p style=\"font-size:18px\">In ogni caso il supporto che possiamo garantire coinvolge tutti gli step produttivi e di confezionamento per seguire l\u2019evoluzione del progetto dall\u2019inizio fino alla conclusione.<\/p>\n\n\n\n<p style=\"font-size:18px\">Disponiamo di attrezzature che ci permettono di gestire in modo efficiente e flessibile i volumi produttivi che ci vengono affidati, garantendo tempi di evasione celeri.<\/p>\n\n<\/div><\/div><\/div>\n<\/div>\n<\/div><\/div>\n<\/div><\/div>\n<\/div><\/div><\/div>\n<\/div>\n\n<div class=\"gb-container gb-container-c86e865f\"><div class=\"gb-inside-container\">\n\n<p class=\"has-text-align-center has-contrast-color has-text-color has-large-font-size\"><strong>AFFIDA A NOI IL TUO MARCHIO PRIVATO<\/strong><\/p>\n\n<\/div><\/div>\n\n<div class=\"gb-container gb-container-5c2002ac\"><div class=\"gb-inside-container\">\n\n<h2 class=\"wp-block-heading has-text-align-center\"><strong>11 LINEE DI CONFEZIONAMENTO A TUA DISPOSIZIONE<\/strong><\/h2>\n\n\n<div class=\"gb-grid-wrapper gb-grid-wrapper-11ee0136\">\n<div class=\"gb-grid-column gb-grid-column-b4dfe422\"><div class=\"gb-container gb-container-b4dfe422\"><div class=\"gb-inside-container\">\n\n<p class=\"has-text-align-center has-text-color\" style=\"color:#d2db4d;font-size:80px\"><strong>3<\/strong><\/p>\n\n\n\n<p class=\"has-text-align-center\" style=\"font-size:18px\">linee confezionatrici<br>per produrre<br>capsule compatibili<\/p>\n\n\n\n<figure class=\"gb-block-image gb-block-image-5f2ab3ae\"><img decoding=\"async\" loading=\"lazy\" width=\"217\" height=\"205\" class=\"gb-image gb-image-5f2ab3ae\" src=\"https:\/\/www.italfoods.com\/wp-content\/uploads\/2022\/07\/DOLCE-GUSTO.png\" alt=\"\" title=\"DOLCE-GUSTO\"\/><\/figure>\n\n<\/div><\/div><\/div>\n\n<div class=\"gb-grid-column gb-grid-column-c8b76bd4\"><div class=\"gb-container gb-container-c8b76bd4\"><div class=\"gb-inside-container\">\n\n<p class=\"has-text-align-center has-text-color\" style=\"color:#d2db4d;font-size:80px\"><strong>3<\/strong><\/p>\n\n\n\n<div style=\"height:0px\" aria-hidden=\"true\" class=\"wp-block-spacer\"><\/div>\n\n\n\n<p class=\"has-text-align-center\" style=\"font-size:18px\">linee confezionatrici<br>per produrre<br>capsule compatibili<\/p>\n\n\n\n<figure class=\"gb-block-image gb-block-image-0986dd7c\"><img decoding=\"async\" loading=\"lazy\" width=\"210\" height=\"205\" class=\"gb-image gb-image-0986dd7c\" src=\"https:\/\/www.italfoods.com\/wp-content\/uploads\/2022\/07\/NESPRESSO.png\" alt=\"\" title=\"NESPRESSO\"\/><\/figure>\n\n<\/div><\/div><\/div>\n\n<div class=\"gb-grid-column gb-grid-column-1f87e02d\"><div class=\"gb-container gb-container-1f87e02d\"><div class=\"gb-inside-container\">\n\n<p class=\"has-text-align-center has-text-color\" style=\"color:#d2db4d;font-size:80px\">2<\/p>\n\n\n\n<div style=\"height:0px\" aria-hidden=\"true\" class=\"wp-block-spacer\"><\/div>\n\n\n\n<p class=\"has-text-align-center\" style=\"font-size:18px\">linee confezionatrici<br>per produrre<br>capsule compatibili<\/p>\n\n\n\n<figure class=\"gb-block-image gb-block-image-fed21935\"><img decoding=\"async\" loading=\"lazy\" width=\"220\" height=\"191\" class=\"gb-image gb-image-fed21935\" src=\"https:\/\/www.italfoods.com\/wp-content\/uploads\/2022\/07\/MODO-MIO.png\" alt=\"\" title=\"MODO-MIO\"\/><\/figure>\n\n<\/div><\/div><\/div>\n\n<div class=\"gb-grid-column gb-grid-column-91ba4c63\"><div class=\"gb-container gb-container-91ba4c63\"><div class=\"gb-inside-container\">\n\n<p class=\"has-text-align-center has-text-color\" style=\"color:#d2db4d;font-size:80px\">1<\/p>\n\n\n\n<div style=\"height:0px\" aria-hidden=\"true\" class=\"wp-block-spacer\"><\/div>\n\n\n\n<p class=\"has-text-align-center\" style=\"font-size:18px\">linea confezionatrice<br>per produrre<br>capsule compatibili<\/p>\n\n\n\n<figure class=\"gb-block-image gb-block-image-9f890a20\"><img decoding=\"async\" loading=\"lazy\" width=\"207\" height=\"183\" class=\"gb-image gb-image-9f890a20\" src=\"https:\/\/www.italfoods.com\/wp-content\/uploads\/2022\/07\/FIRMA.png\" alt=\"\" title=\"FIRMA\"\/><\/figure>\n\n<\/div><\/div><\/div>\n\n<div class=\"gb-grid-column gb-grid-column-6bc8f9ea\"><div class=\"gb-container gb-container-6bc8f9ea\"><div class=\"gb-inside-container\">\n\n<p class=\"has-text-align-center has-text-color\" style=\"color:#d2db4d;font-size:80px\">1<\/p>\n\n\n\n<div style=\"height:0px\" aria-hidden=\"true\" class=\"wp-block-spacer\"><\/div>\n\n\n\n<p class=\"has-text-align-center\" style=\"font-size:18px\">linea confezionatrice<br>per produrre<br>capsule compatibili<\/p>\n\n\n\n<figure class=\"gb-block-image gb-block-image-f672a405\"><img decoding=\"async\" loading=\"lazy\" width=\"257\" height=\"192\" class=\"gb-image gb-image-f672a405\" src=\"https:\/\/www.italfoods.com\/wp-content\/uploads\/2022\/07\/ESPRESSO.png\" alt=\"\" title=\"ESPRESSO\"\/><\/figure>\n\n<\/div><\/div><\/div>\n\n<div class=\"gb-grid-column gb-grid-column-604bdfaa\"><div class=\"gb-container gb-container-604bdfaa\"><div class=\"gb-inside-container\">\n\n<p class=\"has-text-align-center has-text-color\" style=\"color:#d2db4d;font-size:80px\">1<\/p>\n\n\n\n<div style=\"height:0px\" aria-hidden=\"true\" class=\"wp-block-spacer\"><\/div>\n\n\n\n<p class=\"has-text-align-center\" style=\"font-size:18px\">linea confezionatrice<br>per produrre<br>capsule compatibili<\/p>\n\n\n\n<figure class=\"gb-block-image gb-block-image-40314001\"><img decoding=\"async\" loading=\"lazy\" width=\"217\" height=\"203\" class=\"gb-image gb-image-40314001\" src=\"https:\/\/www.italfoods.com\/wp-content\/uploads\/2022\/07\/UNO.png\" alt=\"\" title=\"UNO\"\/><\/figure>\n\n<\/div><\/div><\/div>\n\n<div class=\"gb-grid-column gb-grid-column-4b5036f4\"><div class=\"gb-container gb-container-4b5036f4\"><div class=\"gb-inside-container\"><\/div><\/div><\/div>\n\n<div class=\"gb-grid-column gb-grid-column-e58d9bfb\"><div class=\"gb-container gb-container-e58d9bfb\"><div class=\"gb-inside-container\"><\/div><\/div><\/div>\n\n<div class=\"gb-grid-column gb-grid-column-586ef1ab\"><div class=\"gb-container gb-container-586ef1ab\"><div class=\"gb-inside-container\"><\/div><\/div><\/div>\n\n<div class=\"gb-grid-column gb-grid-column-725100d3\"><div class=\"gb-container gb-container-725100d3\"><div class=\"gb-inside-container\"><\/div><\/div><\/div>\n\n<div class=\"gb-grid-column gb-grid-column-c55c662e\"><div class=\"gb-container gb-container-c55c662e\"><div class=\"gb-inside-container\"><\/div><\/div><\/div>\n<\/div>\n\n<div class=\"gb-container gb-container-bef0e2c4\" id=\"servizi\"><div class=\"gb-inside-container\">\n\n<h2 class=\"wp-block-heading has-text-align-center has-base-3-color has-text-color\"><strong>SERVIZI<\/strong><\/h2>\n\n<\/div><\/div>\n\n<div class=\"gb-container gb-container-88fff489\"><div class=\"gb-inside-container\">\n<div class=\"gb-grid-wrapper gb-grid-wrapper-30abba39\">\n<div class=\"gb-grid-column gb-grid-column-bb52cdbd\"><div class=\"gb-container gb-container-bb52cdbd\"><div class=\"gb-inside-container\">\n\n<p class=\"has-text-align-right\" style=\"font-size:30px\">Oltre al <br>confezionamento<br>dei prodotti ti garantiamo<br>un\u2019assistenza completa<br>che possa garantire il<br>successo del tuo progetto!<\/p>\n\n<\/div><\/div><\/div>\n\n<div class=\"gb-grid-column gb-grid-column-cd191b28\"><div class=\"gb-container gb-container-cd191b28\"><div class=\"gb-inside-container\"><\/div><\/div><\/div>\n<\/div>\n<\/div><\/div>\n<\/div><\/div>\n\n<div class=\"gb-container gb-container-e9a50ebf\"><div class=\"gb-inside-container\">\n<div class=\"gb-grid-wrapper gb-grid-wrapper-c3fc3c69\">\n<div class=\"gb-grid-column gb-grid-column-a24f6dcc\"><div class=\"gb-container gb-container-a24f6dcc\"><div class=\"gb-inside-container\">\n\n<figure class=\"wp-block-image size-full is-resized\"><img loading=\"lazy\" decoding=\"async\" width=\"138\" height=\"138\" src=\"https:\/\/www.italfoods.com\/wp-content\/uploads\/2022\/07\/icona_ricette.png\" alt=\"ricette\" class=\"wp-image-435\" style=\"width:200px\"\/><\/figure>\n\n\n\n<p><\/p>\n\n\n\n<p class=\"has-text-align-left has-medium-font-size\"><strong>RICETTE PERSONALIZZATE<\/strong><\/p>\n\n\n\n<p class=\"has-text-align-left\">Supportiamo richieste specifiche del<br>cliente anche in caso di definizione<br>di ricette personalizzate o di<br>confezionamento di materie conto<br>terzi. Questa attivit\u00e0 viene garantita<br>sia internamente che in outsourcing<br>(qualora necessario oppure richiesto).<\/p>\n\n<\/div><\/div><\/div>\n\n<div class=\"gb-grid-column gb-grid-column-9d3c9850\"><div class=\"gb-container gb-container-9d3c9850\"><div class=\"gb-inside-container\">\n\n<figure class=\"wp-block-image size-full is-resized\"><img loading=\"lazy\" decoding=\"async\" width=\"138\" height=\"138\" src=\"https:\/\/www.italfoods.com\/wp-content\/uploads\/2022\/07\/icona_campionatura.png\" alt=\"campionatura\" class=\"wp-image-437\" style=\"width:200px\"\/><\/figure>\n\n\n\n<p><\/p>\n\n\n\n<p class=\"has-text-align-left has-medium-font-size\"><strong>CAMPIONATURA<\/strong><\/p>\n\n\n\n<p class=\"has-text-align-left\">Assicuriamo la realizzazione di<br>campionature per test di sviluppo e<br>la realizzazione di micro-lotti di pre-<br>produzione per la verifica dei requisiti<br>richiesti.<\/p>\n\n<\/div><\/div><\/div>\n\n<div class=\"gb-grid-column gb-grid-column-5d702cc0\"><div class=\"gb-container gb-container-5d702cc0\"><div class=\"gb-inside-container\">\n\n<figure class=\"wp-block-image size-full is-resized\"><img loading=\"lazy\" decoding=\"async\" width=\"138\" height=\"138\" src=\"https:\/\/www.italfoods.com\/wp-content\/uploads\/2022\/07\/icona_grafica.png\" alt=\"grafica\" class=\"wp-image-431\" style=\"width:200px\"\/><\/figure>\n\n\n\n<p><\/p>\n\n\n\n<p class=\"has-text-align-left has-medium-font-size\"><strong>GRAFICA<\/strong><\/p>\n\n\n\n<p class=\"has-text-align-left\">Se necessario garantiamo supporto grafico secondo le richieste del cliente.<\/p>\n\n<\/div><\/div><\/div>\n\n<div class=\"gb-grid-column gb-grid-column-36114bef\"><div class=\"gb-container gb-container-36114bef\"><div class=\"gb-inside-container\">\n\n<figure class=\"wp-block-image size-full is-resized\"><img loading=\"lazy\" decoding=\"async\" width=\"138\" height=\"138\" src=\"https:\/\/www.italfoods.com\/wp-content\/uploads\/2022\/07\/icona_magazzino.png\" alt=\"magazzino\" class=\"wp-image-433\" style=\"width:200px\"\/><\/figure>\n\n\n\n<p><\/p>\n\n\n\n<p class=\"has-text-align-left has-medium-font-size\"><strong>MAGAZZINO<\/strong><\/p>\n\n\n\n<p class=\"has-text-align-left\">Laddove ci siano i presupposti, siamo<br>disponibili a gestire con il cliente lo<br>stoccaggio e la gestione dei livelli<br>di riordino della merce affidataci<br>a magazzino. Il personale addetto<br>\u00e8 qualificato per fare in modo che<br>ci sia il totale rispetto delle merci<br>movimentate, gestione dei flussi,<br>regolarit\u00e0 del FIFO e totale tracciabilit\u00e0<br>dei prodotti in uscita.<\/p>\n\n<\/div><\/div><\/div>\n\n<div class=\"gb-grid-column gb-grid-column-2ea54c2d\"><div class=\"gb-container gb-container-2ea54c2d\"><div class=\"gb-inside-container\">\n\n<figure class=\"wp-block-image size-full is-resized\"><img loading=\"lazy\" decoding=\"async\" width=\"138\" height=\"138\" src=\"https:\/\/www.italfoods.com\/wp-content\/uploads\/2022\/07\/icona_logistica.png\" alt=\"logistica\" class=\"wp-image-432\" style=\"width:200px\"\/><\/figure>\n\n\n\n<p><\/p>\n\n\n\n<p class=\"has-text-align-left has-medium-font-size\"><strong>SERVIZI LOGISTICI<\/strong><\/p>\n\n\n\n<p class=\"has-text-align-left\">Grazie alle diverse partnership con<br>aziende del settore riusciamo a<br>consegnare i vostri prodotti ovunque<br>in tempi brevi e prestando la massima<br>cura agli imballaggi. Forniamo supporto per la gestione della documentazione e delle certificazioni <br>necessarie per eventuali sdoganamenti<br>dove richiesto.<\/p>\n\n<\/div><\/div><\/div>\n\n<div class=\"gb-grid-column gb-grid-column-1c6ac055\"><div class=\"gb-container gb-container-1c6ac055\"><div class=\"gb-inside-container\"><\/div><\/div><\/div>\n\n<div class=\"gb-grid-column gb-grid-column-48e26d80\"><div class=\"gb-container gb-container-48e26d80\"><div class=\"gb-inside-container\"><\/div><\/div><\/div>\n\n<div class=\"gb-grid-column gb-grid-column-454c95b3\"><div class=\"gb-container gb-container-454c95b3\"><div class=\"gb-inside-container\"><\/div><\/div><\/div>\n\n<div class=\"gb-grid-column gb-grid-column-8e469a48\"><div class=\"gb-container gb-container-8e469a48\"><div class=\"gb-inside-container\"><\/div><\/div><\/div>\n<\/div>\n<\/div><\/div>\n\n<div class=\"gb-container gb-container-795b6928\"><div class=\"gb-inside-container\">\n\n<p class=\"has-text-align-center has-contrast-2-color has-text-color\"><em>*Lavazza\u00ae, A Modo Mio\u00ae, Lavazza A Modo Mio\u00ae, Espresso Point\u00ae&nbsp;Lavazza Espresso Point\u00ae, Firma\u00ae, Lavazza Firma\u00ae sono marchi di propriet\u00e0 di Luigi Lavazza S.p.A. Italfoods srl \u00e8 produttore autonomo non collegato alla Luigi Lavazza S.p.A. La compatibilit\u00e0 delle capsule \u00e8 funzionale all\u2019utilizzo con macchine da caff\u00e8 a marchio Lavazza\u00ae A Modo Mio\u00ae, Espresso Point\u00ae, Firma\u00ae<\/em>.<\/p>\n\n\n\n<p>*<em>Nestl\u00e9\u00ae, Nespresso\u00ae, Nestl\u00e9\u00ae Nespresso\u00ae, Nescaf\u00e9\u00ae, Dolce Gusto\u00ae, Nescaf\u00e9\u00ae Dolce Gusto\u00ae&nbsp;sono marchi di propriet\u00e0 di Soci\u00e9t\u00e9 de Produits Nestl\u00e9 S.A. Italfoods srl \u00e8 produttore autonomo non collegato alla Soci\u00e9t\u00e9 de Produits Nestl\u00e9 S.A. La compatibilit\u00e0 delle capsule \u00e8 funzionale all\u2019utilizzo con macchine da caff\u00e8 a marchio Nespresso\u00ae e Dolce Gusto.<\/em><\/p>\n\n\n\n<p class=\"has-text-align-center has-contrast-2-color has-text-color\"><em>*Unosystem\u00ae \u00e8 un marchio di Mitaca S.r.l. Italfoods srl \u00e8 produttore autonomo non collegato alla Mitaca S.r.l. La compatibilit\u00e0 delle capsule \u00e8 funzionale all\u2019utilizzo con macchine da caff\u00e8 a marchio Unosystem\u00ae<\/em>.<\/p>\n\n\n<div class=\"wp-block-image\">\n<figure class=\"aligncenter size-full is-resized\"><a href=\"https:\/\/www.linkedin.com\/company\/italfoods-s.r.l.\/\" target=\"_blank\" rel=\"noreferrer noopener\"><img loading=\"lazy\" decoding=\"async\" width=\"484\" height=\"119\" src=\"https:\/\/www.italfoods.com\/wp-content\/uploads\/2022\/07\/follow.png\" alt=\"\" class=\"wp-image-144\" style=\"width:280px\" srcset=\"https:\/\/www.italfoods.com\/wp-content\/uploads\/2022\/07\/follow.png 484w, https:\/\/www.italfoods.com\/wp-content\/uploads\/2022\/07\/follow-300x74.png 300w\" sizes=\"auto, (max-width: 484px) 100vw, 484px\" \/><\/a><\/figure>\n<\/div>\n<\/div><\/div>","protected":false},"excerpt":{"rendered":"<p>CAPSULE E CIALDE PRIVATE LABEL AFFIDA A NOI IL TUO MARCHIO PRIVATO 11 LINEE DI CONFEZIONAMENTO A TUA DISPOSIZIONE SERVIZI *Lavazza\u00ae, A Modo Mio\u00ae, Lavazza A Modo Mio\u00ae, Espresso Point\u00ae&nbsp;Lavazza Espresso Point\u00ae, Firma\u00ae, Lavazza Firma\u00ae sono marchi di propriet\u00e0 di Luigi Lavazza S.p.A. Italfoods srl \u00e8 produttore autonomo non collegato alla Luigi Lavazza S.p.A. La &#8230; <a title=\"Il Tuo Marchio\" class=\"read-more\" href=\"https:\/\/www.italfoods.com\/it\/il-tuo-marchio\/\" aria-label=\"More on Il Tuo Marchio\">Leggi tutto<\/a><\/p>\n","protected":false},"author":2,"featured_media":0,"parent":0,"menu_order":0,"comment_status":"closed","ping_status":"closed","template":"","meta":{"_uag_custom_page_level_css":"","footnotes":""},"class_list":["post-269","page","type-page","status-publish"],"yoast_head":"<!-- This site is optimized with the Yoast SEO plugin v20.1 - https:\/\/yoast.com\/wordpress\/plugins\/seo\/ -->\n<title>Capsule e Cialde Private Label - Caff\u00e8 e Bevande | Italfoods<\/title>\n<meta name=\"description\" content=\"Italfoods produce capsule e cialde a marchio privato compatibili con i principali sistemi. Alta personalizzazione e flessibilit\u00e0. Scopri di pi\u00f9\" \/>\n<meta name=\"robots\" content=\"index, follow, max-snippet:-1, max-image-preview:large, max-video-preview:-1\" \/>\n<link rel=\"canonical\" href=\"https:\/\/www.italfoods.com\/it\/il-tuo-marchio\/\" \/>\n<meta property=\"og:locale\" content=\"it_IT\" \/>\n<meta property=\"og:type\" content=\"article\" \/>\n<meta property=\"og:title\" content=\"Capsule e Cialde Private Label - Caff\u00e8 e Bevande | Italfoods\" \/>\n<meta property=\"og:description\" content=\"Italfoods produce capsule e cialde a marchio privato compatibili con i principali sistemi. Alta personalizzazione e flessibilit\u00e0. Scopri di pi\u00f9\" \/>\n<meta property=\"og:url\" content=\"https:\/\/www.italfoods.com\/it\/il-tuo-marchio\/\" \/>\n<meta property=\"og:site_name\" content=\"Italfoods\" \/>\n<meta property=\"article:modified_time\" content=\"2025-10-27T08:50:25+00:00\" \/>\n<meta property=\"og:image\" content=\"https:\/\/www.italfoods.com\/wp-content\/uploads\/2022\/07\/DOLCE-GUSTO.png\" \/>\n<meta name=\"twitter:card\" content=\"summary_large_image\" \/>\n<meta name=\"twitter:label1\" content=\"Tempo di lettura stimato\" \/>\n\t<meta name=\"twitter:data1\" content=\"5 minuti\" \/>\n<script type=\"application\/ld+json\" class=\"yoast-schema-graph\">{\"@context\":\"https:\/\/schema.org\",\"@graph\":[{\"@type\":\"WebPage\",\"@id\":\"https:\/\/www.italfoods.com\/it\/il-tuo-marchio\/\",\"url\":\"https:\/\/www.italfoods.com\/it\/il-tuo-marchio\/\",\"name\":\"Capsule e Cialde Private Label - Caff\u00e8 e Bevande | Italfoods\",\"isPartOf\":{\"@id\":\"https:\/\/www.italfoods.com\/#website\"},\"datePublished\":\"2022-07-23T09:32:54+00:00\",\"dateModified\":\"2025-10-27T08:50:25+00:00\",\"description\":\"Italfoods produce capsule e cialde a marchio privato compatibili con i principali sistemi. Alta personalizzazione e flessibilit\u00e0. Scopri di pi\u00f9\",\"breadcrumb\":{\"@id\":\"https:\/\/www.italfoods.com\/it\/il-tuo-marchio\/#breadcrumb\"},\"inLanguage\":\"it-IT\",\"potentialAction\":[{\"@type\":\"ReadAction\",\"target\":[\"https:\/\/www.italfoods.com\/it\/il-tuo-marchio\/\"]}]},{\"@type\":\"BreadcrumbList\",\"@id\":\"https:\/\/www.italfoods.com\/it\/il-tuo-marchio\/#breadcrumb\",\"itemListElement\":[{\"@type\":\"ListItem\",\"position\":1,\"name\":\"Home\",\"item\":\"https:\/\/www.italfoods.com\/it\/\"},{\"@type\":\"ListItem\",\"position\":2,\"name\":\"Il Tuo Marchio\"}]},{\"@type\":\"WebSite\",\"@id\":\"https:\/\/www.italfoods.com\/#website\",\"url\":\"https:\/\/www.italfoods.com\/\",\"name\":\"Italfoods\",\"description\":\"Produzione Capsule e Cialde Caff&egrave; e Bevande\",\"publisher\":{\"@id\":\"https:\/\/www.italfoods.com\/#organization\"},\"potentialAction\":[{\"@type\":\"SearchAction\",\"target\":{\"@type\":\"EntryPoint\",\"urlTemplate\":\"https:\/\/www.italfoods.com\/?s={search_term_string}\"},\"query-input\":\"required name=search_term_string\"}],\"inLanguage\":\"it-IT\"},{\"@type\":\"Organization\",\"@id\":\"https:\/\/www.italfoods.com\/#organization\",\"name\":\"Italfoods\",\"url\":\"https:\/\/www.italfoods.com\/\",\"logo\":{\"@type\":\"ImageObject\",\"inLanguage\":\"it-IT\",\"@id\":\"https:\/\/www.italfoods.com\/#\/schema\/logo\/image\/\",\"url\":\"https:\/\/www.italfoods.com\/wp-content\/uploads\/2022\/08\/cropped-Italfoods_logo.png\",\"contentUrl\":\"https:\/\/www.italfoods.com\/wp-content\/uploads\/2022\/08\/cropped-Italfoods_logo.png\",\"width\":265,\"height\":69,\"caption\":\"Italfoods\"},\"image\":{\"@id\":\"https:\/\/www.italfoods.com\/#\/schema\/logo\/image\/\"}}]}<\/script>\n<!-- \/ Yoast SEO plugin. -->","yoast_head_json":{"title":"Capsule e Cialde Private Label - Caff\u00e8 e Bevande | Italfoods","description":"Italfoods produce capsule e cialde a marchio privato compatibili con i principali sistemi. Alta personalizzazione e flessibilit\u00e0. Scopri di pi\u00f9","robots":{"index":"index","follow":"follow","max-snippet":"max-snippet:-1","max-image-preview":"max-image-preview:large","max-video-preview":"max-video-preview:-1"},"canonical":"https:\/\/www.italfoods.com\/it\/il-tuo-marchio\/","og_locale":"it_IT","og_type":"article","og_title":"Capsule e Cialde Private Label - Caff\u00e8 e Bevande | Italfoods","og_description":"Italfoods produce capsule e cialde a marchio privato compatibili con i principali sistemi. Alta personalizzazione e flessibilit\u00e0. Scopri di pi\u00f9","og_url":"https:\/\/www.italfoods.com\/it\/il-tuo-marchio\/","og_site_name":"Italfoods","article_modified_time":"2025-10-27T08:50:25+00:00","og_image":[{"url":"https:\/\/www.italfoods.com\/wp-content\/uploads\/2022\/07\/DOLCE-GUSTO.png"}],"twitter_card":"summary_large_image","twitter_misc":{"Tempo di lettura stimato":"5 minuti"},"schema":{"@context":"https:\/\/schema.org","@graph":[{"@type":"WebPage","@id":"https:\/\/www.italfoods.com\/it\/il-tuo-marchio\/","url":"https:\/\/www.italfoods.com\/it\/il-tuo-marchio\/","name":"Capsule e Cialde Private Label - Caff\u00e8 e Bevande | Italfoods","isPartOf":{"@id":"https:\/\/www.italfoods.com\/#website"},"datePublished":"2022-07-23T09:32:54+00:00","dateModified":"2025-10-27T08:50:25+00:00","description":"Italfoods produce capsule e cialde a marchio privato compatibili con i principali sistemi. Alta personalizzazione e flessibilit\u00e0. Scopri di pi\u00f9","breadcrumb":{"@id":"https:\/\/www.italfoods.com\/it\/il-tuo-marchio\/#breadcrumb"},"inLanguage":"it-IT","potentialAction":[{"@type":"ReadAction","target":["https:\/\/www.italfoods.com\/it\/il-tuo-marchio\/"]}]},{"@type":"BreadcrumbList","@id":"https:\/\/www.italfoods.com\/it\/il-tuo-marchio\/#breadcrumb","itemListElement":[{"@type":"ListItem","position":1,"name":"Home","item":"https:\/\/www.italfoods.com\/it\/"},{"@type":"ListItem","position":2,"name":"Il Tuo Marchio"}]},{"@type":"WebSite","@id":"https:\/\/www.italfoods.com\/#website","url":"https:\/\/www.italfoods.com\/","name":"Italfoods","description":"Produzione Capsule e Cialde Caff&egrave; e Bevande","publisher":{"@id":"https:\/\/www.italfoods.com\/#organization"},"potentialAction":[{"@type":"SearchAction","target":{"@type":"EntryPoint","urlTemplate":"https:\/\/www.italfoods.com\/?s={search_term_string}"},"query-input":"required name=search_term_string"}],"inLanguage":"it-IT"},{"@type":"Organization","@id":"https:\/\/www.italfoods.com\/#organization","name":"Italfoods","url":"https:\/\/www.italfoods.com\/","logo":{"@type":"ImageObject","inLanguage":"it-IT","@id":"https:\/\/www.italfoods.com\/#\/schema\/logo\/image\/","url":"https:\/\/www.italfoods.com\/wp-content\/uploads\/2022\/08\/cropped-Italfoods_logo.png","contentUrl":"https:\/\/www.italfoods.com\/wp-content\/uploads\/2022\/08\/cropped-Italfoods_logo.png","width":265,"height":69,"caption":"Italfoods"},"image":{"@id":"https:\/\/www.italfoods.com\/#\/schema\/logo\/image\/"}}]}},"uagb_featured_image_src":{"full":false,"thumbnail":false,"medium":false,"medium_large":false,"large":false,"1536x1536":false,"2048x2048":false},"uagb_author_info":{"display_name":"Matteo Simondi","author_link":"https:\/\/www.italfoods.com\/it\/author\/italfoodsadm\/"},"uagb_comment_info":0,"uagb_excerpt":"CAPSULE E CIALDE PRIVATE LABEL AFFIDA A NOI IL TUO MARCHIO PRIVATO 11 LINEE DI CONFEZIONAMENTO A TUA DISPOSIZIONE SERVIZI *Lavazza\u00ae, A Modo Mio\u00ae, Lavazza A Modo Mio\u00ae, Espresso Point\u00ae&nbsp;Lavazza Espresso Point\u00ae, Firma\u00ae, Lavazza Firma\u00ae sono marchi di propriet\u00e0 di Luigi Lavazza S.p.A. Italfoods srl \u00e8 produttore autonomo non collegato alla Luigi Lavazza S.p.A. La&hellip;","_links":{"self":[{"href":"https:\/\/www.italfoods.com\/it\/wp-json\/wp\/v2\/pages\/269","targetHints":{"allow":["GET"]}}],"collection":[{"href":"https:\/\/www.italfoods.com\/it\/wp-json\/wp\/v2\/pages"}],"about":[{"href":"https:\/\/www.italfoods.com\/it\/wp-json\/wp\/v2\/types\/page"}],"author":[{"embeddable":true,"href":"https:\/\/www.italfoods.com\/it\/wp-json\/wp\/v2\/users\/2"}],"replies":[{"embeddable":true,"href":"https:\/\/www.italfoods.com\/it\/wp-json\/wp\/v2\/comments?post=269"}],"version-history":[{"count":79,"href":"https:\/\/www.italfoods.com\/it\/wp-json\/wp\/v2\/pages\/269\/revisions"}],"predecessor-version":[{"id":1037,"href":"https:\/\/www.italfoods.com\/it\/wp-json\/wp\/v2\/pages\/269\/revisions\/1037"}],"wp:attachment":[{"href":"https:\/\/www.italfoods.com\/it\/wp-json\/wp\/v2\/media?parent=269"}],"curies":[{"name":"wp","href":"https:\/\/api.w.org\/{rel}","templated":true}]}}