{"id":6,"date":"2022-07-05T12:12:52","date_gmt":"2022-07-05T10:12:52","guid":{"rendered":"https:\/\/italfoods.com\/?page_id=6"},"modified":"2022-09-08T15:55:59","modified_gmt":"2022-09-08T13:55:59","slug":"homepage","status":"publish","type":"page","link":"https:\/\/www.italfoods.com\/it\/","title":{"rendered":"Homepage"},"content":{"rendered":"<div class=\"gb-grid-wrapper gb-grid-wrapper-2910fe43\">\n<div class=\"gb-grid-column gb-grid-column-a4096406\"><div class=\"gb-container gb-container-a4096406\"><div class=\"gb-inside-container\">\n<div class=\"gb-container gb-container-0e54bbfb\"><div class=\"gb-inside-container\">\n\n<div class=\"wp-block-cover alignfull is-light\" style=\"min-height:700px;aspect-ratio:unset;\"><span aria-hidden=\"true\" class=\"wp-block-cover__background has-background-dim-0 has-background-dim\"><\/span><img loading=\"lazy\" decoding=\"async\" width=\"1024\" height=\"412\" class=\"wp-block-cover__image-background wp-image-467\" alt=\"hp_foto_ragazza\" src=\"https:\/\/www.italfoods.com\/wp-content\/uploads\/2022\/07\/hp_foto_ragazza.jpg\" data-object-fit=\"cover\" srcset=\"https:\/\/www.italfoods.com\/wp-content\/uploads\/2022\/07\/hp_foto_ragazza.jpg 1024w, https:\/\/www.italfoods.com\/wp-content\/uploads\/2022\/07\/hp_foto_ragazza-300x121.jpg 300w, https:\/\/www.italfoods.com\/wp-content\/uploads\/2022\/07\/hp_foto_ragazza-768x309.jpg 768w\" sizes=\"auto, (max-width: 1024px) 100vw, 1024px\" \/><div class=\"wp-block-cover__inner-container is-layout-flow wp-block-cover-is-layout-flow\">\n<p class=\"has-text-align-center has-base-3-color has-text-color has-x-large-font-size\">Ogni cosa fatta bene pu\u00f2 essere fatta meglio. Metteteci alla prova!<\/p>\n\n\n\n<p><\/p>\n\n\n\n<p><\/p>\n<\/div><\/div>\n\n<\/div><\/div>\n<\/div><\/div><\/div>\n<\/div>\n\n<div class=\"gb-container gb-container-e946b86f\"><div class=\"gb-inside-container\">\n<div class=\"gb-grid-wrapper gb-grid-wrapper-7be1144b\">\n<div class=\"gb-grid-column gb-grid-column-357092a9\"><div class=\"gb-container gb-container-357092a9\"><div class=\"gb-inside-container\">\n<div class=\"gb-container gb-container-93289b0f\"><div class=\"gb-inside-container\">\n<div class=\"wp-block-image\">\n<figure class=\"aligncenter size-full is-resized\"><img loading=\"lazy\" decoding=\"async\" src=\"https:\/\/www.italfoods.com\/wp-content\/uploads\/2022\/07\/icona_capsula.png\" alt=\"\" class=\"wp-image-462\" width=\"126\" height=\"113\"\/><\/figure>\n<\/div>\n\n\n<div style=\"height:23px\" aria-hidden=\"true\" class=\"wp-block-spacer\"><\/div>\n\n\n\n<p class=\"has-text-align-center\" style=\"font-size:28px\"><strong>PRODOTTI<\/strong><\/p>\n\n\n\n<p class=\"has-text-align-center has-medium-font-size\">Siamo specializzati nel confezionamento di prodotti solubili, prodotti in foglia e caff\u00e8.<\/p>\n\n\n\n<div style=\"height:23px\" aria-hidden=\"true\" class=\"wp-block-spacer\"><\/div>\n\n\n<div class=\"wp-block-image\">\n<figure class=\"aligncenter size-full\"><a href=\"https:\/\/italfoods.com\/it\/prodotti\/\"><img loading=\"lazy\" decoding=\"async\" width=\"106\" height=\"71\" src=\"https:\/\/www.italfoods.com\/wp-content\/uploads\/2022\/07\/freccia.png\" alt=\"\" class=\"wp-image-117\"\/><\/a><\/figure>\n<\/div>\n<\/div><\/div>\n<\/div><\/div><\/div>\n\n<div class=\"gb-grid-column gb-grid-column-7f8ab354\"><div class=\"gb-container gb-container-7f8ab354\"><div class=\"gb-inside-container\">\n<div class=\"gb-container gb-container-8bb1d457\"><div class=\"gb-inside-container\">\n<div class=\"wp-block-image\">\n<figure class=\"aligncenter size-full is-resized\"><img loading=\"lazy\" decoding=\"async\" src=\"https:\/\/www.italfoods.com\/wp-content\/uploads\/2022\/07\/icona_sacchetto.png\" alt=\"\" class=\"wp-image-463\" width=\"105\" height=\"110\"\/><\/figure>\n<\/div>\n\n\n<div style=\"height:23px\" aria-hidden=\"true\" class=\"wp-block-spacer\"><\/div>\n\n\n\n<p class=\"has-text-align-center\" style=\"font-size:28px\"><strong>IL TUO MARCHIO<\/strong><\/p>\n\n\n\n<p class=\"has-text-align-center has-medium-font-size\">Siamo in grado di aiutarti a valorizzare il tuo marchio personalizzato secondo le tue necessit\u00e0.<\/p>\n\n\n<div class=\"wp-block-image\">\n<figure class=\"aligncenter size-full\"><a href=\"https:\/\/italfoods.com\/it\/il-tuo-marchio\/\"><img loading=\"lazy\" decoding=\"async\" width=\"106\" height=\"71\" src=\"https:\/\/www.italfoods.com\/wp-content\/uploads\/2022\/07\/freccia.png\" alt=\"\" class=\"wp-image-117\"\/><\/a><\/figure>\n<\/div>\n<\/div><\/div>\n<\/div><\/div><\/div>\n\n<div class=\"gb-grid-column gb-grid-column-9547da95\"><div class=\"gb-container gb-container-9547da95\"><div class=\"gb-inside-container\">\n<div class=\"gb-container gb-container-49582313\"><div class=\"gb-inside-container\">\n<div class=\"wp-block-image\">\n<figure class=\"aligncenter size-full is-resized\"><img loading=\"lazy\" decoding=\"async\" src=\"https:\/\/www.italfoods.com\/wp-content\/uploads\/2022\/07\/icona_target.png\" alt=\"\" class=\"wp-image-464\" width=\"113\" height=\"113\"\/><\/figure>\n<\/div>\n\n\n<div style=\"height:23px\" aria-hidden=\"true\" class=\"wp-block-spacer\"><\/div>\n\n\n\n<p class=\"has-text-align-center\" style=\"font-size:28px\"><strong>SERVIZI<\/strong><\/p>\n\n\n\n<p class=\"has-text-align-center has-medium-font-size\">Possiamo assisterti passo a passo nello studio e nello sviluppo di particolari richieste (ricette speciali, grafica ed assistenza sul packaging) e valutiamo insieme a te il migliore percorso da intraprendere per portare a termine i tuoi progetti.<\/p>\n\n\n<div class=\"wp-block-image\">\n<figure class=\"aligncenter size-full\"><a href=\"https:\/\/italfoods.com\/it\/il-tuo-marchio\/#servizi\"><img loading=\"lazy\" decoding=\"async\" width=\"106\" height=\"71\" src=\"https:\/\/www.italfoods.com\/wp-content\/uploads\/2022\/07\/freccia.png\" alt=\"\" class=\"wp-image-117\"\/><\/a><\/figure>\n<\/div>\n<\/div><\/div>\n<\/div><\/div><\/div>\n<\/div>\n<\/div><\/div>\n\n<div class=\"gb-container gb-container-795b6928\"><div class=\"gb-inside-container\">\n<div class=\"wp-block-image\">\n<figure class=\"aligncenter size-full is-resized\"><a href=\"https:\/\/www.linkedin.com\/company\/italfoods-s.r.l.\/\" target=\"_blank\" rel=\"noreferrer noopener\"><img decoding=\"async\" src=\"https:\/\/www.italfoods.com\/wp-content\/uploads\/2022\/07\/follow.png\" alt=\"\" class=\"wp-image-144\" width=\"280\" srcset=\"https:\/\/www.italfoods.com\/wp-content\/uploads\/2022\/07\/follow.png 484w, https:\/\/www.italfoods.com\/wp-content\/uploads\/2022\/07\/follow-300x74.png 300w\" sizes=\"(max-width: 484px) 100vw, 484px\" \/><\/a><\/figure>\n<\/div>\n<\/div><\/div>","protected":false},"excerpt":{"rendered":"","protected":false},"author":2,"featured_media":0,"parent":0,"menu_order":0,"comment_status":"closed","ping_status":"closed","template":"","meta":{"_uag_custom_page_level_css":"","footnotes":""},"class_list":["post-6","page","type-page","status-publish"],"yoast_head":"<!-- This site is optimized with the Yoast SEO plugin v20.1 - https:\/\/yoast.com\/wordpress\/plugins\/seo\/ -->\n<title>Italfoods Srl: Produzione Cialde e Capsule Caff\u00e8 e Bevande<\/title>\n<meta name=\"description\" content=\"Italfoods srl \u00e8 un&#039;azienda specializzata nella torrefazione del caff\u00e8 e produzione di cialde e capsule di caff\u00e8 espresso, bevande solubili ed in foglia.\" \/>\n<meta name=\"robots\" content=\"index, follow, max-snippet:-1, max-image-preview:large, max-video-preview:-1\" \/>\n<link rel=\"canonical\" href=\"https:\/\/www.italfoods.com\/it\/\" \/>\n<meta property=\"og:locale\" content=\"it_IT\" \/>\n<meta property=\"og:type\" content=\"article\" \/>\n<meta property=\"og:title\" content=\"Italfoods Srl: Produzione Cialde e Capsule Caff\u00e8 e Bevande\" \/>\n<meta property=\"og:description\" content=\"Italfoods srl \u00e8 un&#039;azienda specializzata nella torrefazione del caff\u00e8 e produzione di cialde e capsule di caff\u00e8 espresso, bevande solubili ed in foglia.\" \/>\n<meta property=\"og:url\" content=\"https:\/\/www.italfoods.com\/it\/\" \/>\n<meta property=\"og:site_name\" content=\"Italfoods\" \/>\n<meta property=\"article:modified_time\" content=\"2022-09-08T13:55:59+00:00\" \/>\n<meta property=\"og:image\" content=\"https:\/\/www.italfoods.com\/wp-content\/uploads\/2022\/07\/hp_foto_ragazza.jpg\" \/>\n<meta name=\"twitter:card\" content=\"summary_large_image\" \/>\n<meta name=\"twitter:label1\" content=\"Tempo di lettura stimato\" \/>\n\t<meta name=\"twitter:data1\" content=\"2 minuti\" \/>\n<script type=\"application\/ld+json\" class=\"yoast-schema-graph\">{\"@context\":\"https:\/\/schema.org\",\"@graph\":[{\"@type\":\"WebPage\",\"@id\":\"https:\/\/www.italfoods.com\/it\/\",\"url\":\"https:\/\/www.italfoods.com\/it\/\",\"name\":\"Italfoods Srl: Produzione Cialde e Capsule Caff\u00e8 e Bevande\",\"isPartOf\":{\"@id\":\"https:\/\/www.italfoods.com\/#website\"},\"datePublished\":\"2022-07-05T10:12:52+00:00\",\"dateModified\":\"2022-09-08T13:55:59+00:00\",\"description\":\"Italfoods srl \u00e8 un'azienda specializzata nella torrefazione del caff\u00e8 e produzione di cialde e capsule di caff\u00e8 espresso, bevande solubili ed in foglia.\",\"breadcrumb\":{\"@id\":\"https:\/\/www.italfoods.com\/it\/#breadcrumb\"},\"inLanguage\":\"it-IT\",\"potentialAction\":[{\"@type\":\"ReadAction\",\"target\":[\"https:\/\/www.italfoods.com\/it\/\"]}]},{\"@type\":\"BreadcrumbList\",\"@id\":\"https:\/\/www.italfoods.com\/it\/#breadcrumb\",\"itemListElement\":[{\"@type\":\"ListItem\",\"position\":1,\"name\":\"Home\",\"item\":\"https:\/\/www.italfoods.com\/it\/\"},{\"@type\":\"ListItem\",\"position\":2,\"name\":\"Homepage\"}]},{\"@type\":\"WebSite\",\"@id\":\"https:\/\/www.italfoods.com\/#website\",\"url\":\"https:\/\/www.italfoods.com\/\",\"name\":\"Italfoods\",\"description\":\"Produzione Capsule e Cialde Caff&egrave; e Bevande\",\"publisher\":{\"@id\":\"https:\/\/www.italfoods.com\/#organization\"},\"potentialAction\":[{\"@type\":\"SearchAction\",\"target\":{\"@type\":\"EntryPoint\",\"urlTemplate\":\"https:\/\/www.italfoods.com\/?s={search_term_string}\"},\"query-input\":\"required name=search_term_string\"}],\"inLanguage\":\"it-IT\"},{\"@type\":\"Organization\",\"@id\":\"https:\/\/www.italfoods.com\/#organization\",\"name\":\"Italfoods\",\"url\":\"https:\/\/www.italfoods.com\/\",\"logo\":{\"@type\":\"ImageObject\",\"inLanguage\":\"it-IT\",\"@id\":\"https:\/\/www.italfoods.com\/#\/schema\/logo\/image\/\",\"url\":\"https:\/\/www.italfoods.com\/wp-content\/uploads\/2022\/08\/cropped-Italfoods_logo.png\",\"contentUrl\":\"https:\/\/www.italfoods.com\/wp-content\/uploads\/2022\/08\/cropped-Italfoods_logo.png\",\"width\":265,\"height\":69,\"caption\":\"Italfoods\"},\"image\":{\"@id\":\"https:\/\/www.italfoods.com\/#\/schema\/logo\/image\/\"}}]}<\/script>\n<!-- \/ Yoast SEO plugin. -->","yoast_head_json":{"title":"Italfoods Srl: Produzione Cialde e Capsule Caff\u00e8 e Bevande","description":"Italfoods srl \u00e8 un'azienda specializzata nella torrefazione del caff\u00e8 e produzione di cialde e capsule di caff\u00e8 espresso, bevande solubili ed in foglia.","robots":{"index":"index","follow":"follow","max-snippet":"max-snippet:-1","max-image-preview":"max-image-preview:large","max-video-preview":"max-video-preview:-1"},"canonical":"https:\/\/www.italfoods.com\/it\/","og_locale":"it_IT","og_type":"article","og_title":"Italfoods Srl: Produzione Cialde e Capsule Caff\u00e8 e Bevande","og_description":"Italfoods srl \u00e8 un'azienda specializzata nella torrefazione del caff\u00e8 e produzione di cialde e capsule di caff\u00e8 espresso, bevande solubili ed in foglia.","og_url":"https:\/\/www.italfoods.com\/it\/","og_site_name":"Italfoods","article_modified_time":"2022-09-08T13:55:59+00:00","og_image":[{"url":"https:\/\/www.italfoods.com\/wp-content\/uploads\/2022\/07\/hp_foto_ragazza.jpg"}],"twitter_card":"summary_large_image","twitter_misc":{"Tempo di lettura stimato":"2 minuti"},"schema":{"@context":"https:\/\/schema.org","@graph":[{"@type":"WebPage","@id":"https:\/\/www.italfoods.com\/it\/","url":"https:\/\/www.italfoods.com\/it\/","name":"Italfoods Srl: Produzione Cialde e Capsule Caff\u00e8 e Bevande","isPartOf":{"@id":"https:\/\/www.italfoods.com\/#website"},"datePublished":"2022-07-05T10:12:52+00:00","dateModified":"2022-09-08T13:55:59+00:00","description":"Italfoods srl \u00e8 un'azienda specializzata nella torrefazione del caff\u00e8 e produzione di cialde e capsule di caff\u00e8 espresso, bevande solubili ed in foglia.","breadcrumb":{"@id":"https:\/\/www.italfoods.com\/it\/#breadcrumb"},"inLanguage":"it-IT","potentialAction":[{"@type":"ReadAction","target":["https:\/\/www.italfoods.com\/it\/"]}]},{"@type":"BreadcrumbList","@id":"https:\/\/www.italfoods.com\/it\/#breadcrumb","itemListElement":[{"@type":"ListItem","position":1,"name":"Home","item":"https:\/\/www.italfoods.com\/it\/"},{"@type":"ListItem","position":2,"name":"Homepage"}]},{"@type":"WebSite","@id":"https:\/\/www.italfoods.com\/#website","url":"https:\/\/www.italfoods.com\/","name":"Italfoods","description":"Produzione Capsule e Cialde Caff&egrave; e Bevande","publisher":{"@id":"https:\/\/www.italfoods.com\/#organization"},"potentialAction":[{"@type":"SearchAction","target":{"@type":"EntryPoint","urlTemplate":"https:\/\/www.italfoods.com\/?s={search_term_string}"},"query-input":"required name=search_term_string"}],"inLanguage":"it-IT"},{"@type":"Organization","@id":"https:\/\/www.italfoods.com\/#organization","name":"Italfoods","url":"https:\/\/www.italfoods.com\/","logo":{"@type":"ImageObject","inLanguage":"it-IT","@id":"https:\/\/www.italfoods.com\/#\/schema\/logo\/image\/","url":"https:\/\/www.italfoods.com\/wp-content\/uploads\/2022\/08\/cropped-Italfoods_logo.png","contentUrl":"https:\/\/www.italfoods.com\/wp-content\/uploads\/2022\/08\/cropped-Italfoods_logo.png","width":265,"height":69,"caption":"Italfoods"},"image":{"@id":"https:\/\/www.italfoods.com\/#\/schema\/logo\/image\/"}}]}},"uagb_featured_image_src":{"full":false,"thumbnail":false,"medium":false,"medium_large":false,"large":false,"1536x1536":false,"2048x2048":false},"uagb_author_info":{"display_name":"Matteo Simondi","author_link":"https:\/\/www.italfoods.com\/it\/author\/italfoodsadm\/"},"uagb_comment_info":0,"uagb_excerpt":null,"_links":{"self":[{"href":"https:\/\/www.italfoods.com\/it\/wp-json\/wp\/v2\/pages\/6","targetHints":{"allow":["GET"]}}],"collection":[{"href":"https:\/\/www.italfoods.com\/it\/wp-json\/wp\/v2\/pages"}],"about":[{"href":"https:\/\/www.italfoods.com\/it\/wp-json\/wp\/v2\/types\/page"}],"author":[{"embeddable":true,"href":"https:\/\/www.italfoods.com\/it\/wp-json\/wp\/v2\/users\/2"}],"replies":[{"embeddable":true,"href":"https:\/\/www.italfoods.com\/it\/wp-json\/wp\/v2\/comments?post=6"}],"version-history":[{"count":112,"href":"https:\/\/www.italfoods.com\/it\/wp-json\/wp\/v2\/pages\/6\/revisions"}],"predecessor-version":[{"id":1028,"href":"https:\/\/www.italfoods.com\/it\/wp-json\/wp\/v2\/pages\/6\/revisions\/1028"}],"wp:attachment":[{"href":"https:\/\/www.italfoods.com\/it\/wp-json\/wp\/v2\/media?parent=6"}],"curies":[{"name":"wp","href":"https:\/\/api.w.org\/{rel}","templated":true}]}}